{"id":190,"date":"2024-06-22T14:58:08","date_gmt":"2024-06-22T14:58:08","guid":{"rendered":"https:\/\/vet-amb-glina.hr\/?page_id=190"},"modified":"2026-02-16T17:14:13","modified_gmt":"2026-02-16T17:14:13","slug":"ambulanta","status":"publish","type":"page","link":"https:\/\/vet-amb-glina.hr\/","title":{"rendered":"Home"},"content":{"rendered":"\n<div class=\"wp-block-columns is-layout-flex wp-container-core-columns-is-layout-28f84493 wp-block-columns-is-layout-flex\">\n<div class=\"wp-block-column is-layout-flow wp-block-column-is-layout-flow\" style=\"flex-basis:66.66%\">\n<div class=\"wp-block-group is-layout-constrained wp-block-group-is-layout-constrained\">\n<div class=\"wp-block-media-text is-stacked-on-mobile\" style=\"grid-template-columns:22% auto\"><figure class=\"wp-block-media-text__media\"><img loading=\"lazy\" decoding=\"async\" width=\"206\" height=\"206\" src=\"https:\/\/vet-amb-glina.hr\/wp-content\/uploads\/2024\/06\/centered_image.png\" alt=\"\" class=\"wp-image-184 size-full\" srcset=\"https:\/\/vet-amb-glina.hr\/wp-content\/uploads\/2024\/06\/centered_image.png 206w, https:\/\/vet-amb-glina.hr\/wp-content\/uploads\/2024\/06\/centered_image-150x150.png 150w\" sizes=\"auto, (max-width: 206px) 100vw, 206px\" \/><\/figure><div class=\"wp-block-media-text__content\">\n<h2 class=\"wp-block-heading\">VETERINARSKA AMBULANTA GLINA<\/h2>\n<\/div><\/div>\n\n\n\n<h5 class=\"wp-block-heading\">VETERINARSKA LJEKARNA I POLJOPRIVREDNA APOTEKA<\/h5>\n\n\n\n<p>Veterinarska ambulanta Glina nalazi se<strong>&nbsp;<a href=\"https:\/\/goo.gl\/maps\/A4Tpya3VRgE2\" target=\"_blank\" rel=\"noreferrer noopener\">u samome centru grada<\/a><\/strong>. Dolaskom u na\u0161u ambulantu&nbsp;<strong>na usluzi Vam je 6 doktora veterinarske medicine te 2 veterinarska tehni\u010dara<\/strong>.<\/p>\n\n\n\n<p>Mi mislimo da Vi imate najljep\u0161e ljubimce, ali ako ih prepustite nama, ne samo da \u0107e biti najljep\u0161i nego i najzdraviji, a na\u0161e stru\u010dno osoblje \u0107e se za to pobrinuti.<\/p>\n\n\n\n<p>U na\u0161oj i Va\u0161oj novootvorenoj, potpuno opremljenoj ambulanti i ljekarni za ku\u0107ne ljubimce mo\u017eete prona\u0107i sve za zdravlje i njegu Va\u0161ih ljubimaca.<\/p>\n\n\n\n<ul class=\"wp-block-list\">\n<li>Preventivno i za\u0161titno cijepljenje<\/li>\n\n\n\n<li>\u010cipiranje<\/li>\n\n\n\n<li>Internisti\u010dki pregledi<\/li>\n\n\n\n<li>Kirur\u0161ki i porodiljni zahvati<\/li>\n\n\n\n<li>Dermatolo\u0161ki pregledi<\/li>\n\n\n\n<li>Laboratorijske pretrage krvi<\/li>\n\n\n\n<li>Oftalmolo\u0161ki pregledi<\/li>\n\n\n\n<li>Savjeti oko dr\u017eanja, njege i odgoja<\/li>\n<\/ul>\n\n\n\n<p>Ambulanta je opremljena sa aparatima za&nbsp;<strong>biokemijsku i hematolo\u0161ku<\/strong>&nbsp;pretragu krvi kako bi samo lije\u010denje i dijagnostika bili sto kvalitetniji.<\/p>\n\n\n\n<p>Mi se brinemo za Va\u0161e male i velike ljubimce, a&nbsp;<strong>sa povjerenjem nam se mo\u017eete obratiti ako vam je potrebno bilo koja od veterinarskih usluga<\/strong>.<\/p>\n\n\n\n<p>Na raspolaganju Vam je i na\u0161a&nbsp;<strong>poljoapoteka<\/strong>&nbsp;sa bogatom ponudom preparata i opreme, kao i te&nbsp;<strong>veterinarska ljekarna<\/strong>&nbsp;u kojoj mo\u017eete na\u0107i sve za njegu i zdravlje Va\u0161ih ljubimaca i svih doma\u0107ih \u017eivotinja.<\/p>\n<\/div>\n\n\n\n<h4 class=\"wp-block-heading\">KONTAKT<\/h4>\n\n\n\n<p><strong>Direktor<\/strong><br>Ivica Pu\u010dko, univ.spec.med.vet.<br>098\/628 299<\/p>\n\n\n\n<div class=\"wp-block-group is-layout-constrained wp-block-group-is-layout-constrained\">\n<h3 class=\"wp-block-heading\">GLINA<\/h3>\n\n\n\n<figure class=\"wp-block-image size-full\"><img loading=\"lazy\" decoding=\"async\" width=\"704\" height=\"556\" src=\"https:\/\/vet-amb-glina.hr\/wp-content\/uploads\/2024\/07\/slika4-e1725120420400.jpeg\" alt=\"\" class=\"wp-image-335\" srcset=\"https:\/\/vet-amb-glina.hr\/wp-content\/uploads\/2024\/07\/slika4-e1725120420400.jpeg 704w, https:\/\/vet-amb-glina.hr\/wp-content\/uploads\/2024\/07\/slika4-e1725120420400-300x237.jpeg 300w\" sizes=\"auto, (max-width: 704px) 100vw, 704px\" \/><\/figure>\n\n\n\n<p>Veterinarska ambulanta <a href=\"tel:+38544882060\" target=\"_blank\" rel=\"noreferrer noopener nofollow\">044 882 060<\/a><br>Veterinarska ljekarna Glina <a href=\"tel:+38544882060\" target=\"_blank\" rel=\"noreferrer noopener nofollow\">044 882 060<\/a><br>Poljoprivredna apoteka <a href=\"tel:+38544882690\" target=\"_blank\" rel=\"noreferrer noopener nofollow\">044 882 690<\/a><br><strong>Radno vrijeme<\/strong>:<br>Pon-Pet | 7:30-19:00<br>Subota &nbsp;| 7:30-14:00<br><strong>E-mail<\/strong>:&nbsp;<a href=\"mailto:vet.ambulanta.glina@gmail.com\" target=\"_blank\" rel=\"noreferrer noopener nofollow\">vet.ambulanta.glina@gmail.com<\/a><br><strong>Adresa<\/strong>:&nbsp;<a href=\"https:\/\/goo.gl\/maps\/A4Tpya3VRgE2\" target=\"_blank\" rel=\"noreferrer noopener nofollow\">Franje \u017du\u017eeka 23, Glina<\/a><\/p>\n\n\n\n<iframe src=\"https:\/\/www.google.com\/maps\/embed?pb=!1m18!1m12!1m3!1d2804.4602293738776!2d16.08119755142972!3d45.3395211967118!2m3!1f0!2f0!3f0!3m2!1i1024!2i768!4f13.1!3m3!1m2!1s0x4766bdd60291816d%3A0xdd6084e693a9c8c6!2sVeterinarska%20ambulanta%20Glina!5e0!3m2!1sen!2ssi!4v1720307899100!5m2!1sen!2ssi\" width=\"100%\" height=\"250\" style=\"border:0;\" allowfullscreen=\"\" loading=\"lazy\" referrerpolicy=\"no-referrer-when-downgrade\"><\/iframe>\n<\/div>\n\n\n\n<div class=\"wp-block-group is-layout-constrained wp-block-group-is-layout-constrained\">\n<h3 class=\"wp-block-heading\">SUNJA<\/h3>\n\n\n\n<figure class=\"wp-block-image size-large\"><img loading=\"lazy\" decoding=\"async\" width=\"1024\" height=\"768\" src=\"https:\/\/vet-amb-glina.hr\/wp-content\/uploads\/2024\/08\/WhatsApp-Image-2024-08-28-at-13.00.37-1-1024x768.jpeg\" alt=\"\" class=\"wp-image-528\" srcset=\"https:\/\/vet-amb-glina.hr\/wp-content\/uploads\/2024\/08\/WhatsApp-Image-2024-08-28-at-13.00.37-1-1024x768.jpeg 1024w, https:\/\/vet-amb-glina.hr\/wp-content\/uploads\/2024\/08\/WhatsApp-Image-2024-08-28-at-13.00.37-1-300x225.jpeg 300w, https:\/\/vet-amb-glina.hr\/wp-content\/uploads\/2024\/08\/WhatsApp-Image-2024-08-28-at-13.00.37-1-768x576.jpeg 768w, https:\/\/vet-amb-glina.hr\/wp-content\/uploads\/2024\/08\/WhatsApp-Image-2024-08-28-at-13.00.37-1-1536x1152.jpeg 1536w, https:\/\/vet-amb-glina.hr\/wp-content\/uploads\/2024\/08\/WhatsApp-Image-2024-08-28-at-13.00.37-1.jpeg 1600w\" sizes=\"auto, (max-width: 1024px) 100vw, 1024px\" \/><\/figure>\n\n\n\n<p>Ispostava Sunja <a href=\"tel:+38544862169\" target=\"_blank\" rel=\"noreferrer noopener nofollow\">044 862 169<\/a><br><strong>Radno vrijeme<\/strong>:<br>Pon-Pet | 7:30-14:30<br>Subota &nbsp;| 7:30-12:30<br><strong>Adresa<\/strong>:&nbsp;<a href=\"https:\/\/goo.gl\/maps\/PxkG2knSiyZvc8C9A\" target=\"_blank\" rel=\"noreferrer noopener nofollow\">Ul. Matije Gupca 22, Sunja<\/a><\/p>\n\n\n\n<iframe src=\"https:\/\/www.google.com\/maps\/embed?pb=!1m14!1m8!1m3!1d11211.543889055576!2d16.568312!3d45.371296!3m2!1i1024!2i768!4f13.1!3m3!1m2!1s0x4766e1650e2a7a43%3A0x6678747e0e2aa69e!2sUl.%20Matije%20Gupca%2022%2C%2044210%2C%20Sunja%2C%20Croatia!5e0!3m2!1sen!2ssi!4v1720306579498!5m2!1sen!2ssi\" width=\"100%\" height=\"250\" style=\"border:0;\" allowfullscreen=\"\" loading=\"lazy\" referrerpolicy=\"no-referrer-when-downgrade\"><\/iframe>\n<\/div>\n<\/div>\n\n\n\n<div class=\"wp-block-column is-layout-flow wp-block-column-is-layout-flow\" style=\"flex-basis:33.33%\">\nngg_shortcode_0_placeholder\n\n\n\n<div class=\"wp-block-group is-layout-constrained wp-block-group-is-layout-constrained\">\n<h3 class=\"wp-block-heading\">USLUGE<\/h3>\n\n\n\n<ul class=\"wp-block-list\">\n<li>Veterinarska ambulanta<\/li>\n\n\n\n<li>Veterinarska ljekarna&nbsp;<\/li>\n\n\n\n<li>Poljoprivredna apoteka<\/li>\n<\/ul>\n<\/div>\n\n\n\n<div class=\"wp-block-group is-layout-constrained wp-block-group-is-layout-constrained\">\n<h3 class=\"wp-block-heading\">DJELATNICI<\/h3>\n\n\n\n<h4 class=\"wp-block-heading\">Veterinari<\/h4>\n\n\n\n<p>Nata\u0161a Pu\u010dko Ivani\u0161i\u0107,dr.med.vet.<br>Marlena Kelher, dr.med.vet.<br>Koraljka S. Paji\u0107, dr.med.vet.<br>Damir Turkovi\u0107, dr.med.vet.<br>Alen Bi\u0161kup, dr.med.vet.<\/p>\n\n\n\n<h4 class=\"wp-block-heading\">Veterinarski tehni\u010dari<\/h4>\n\n\n\n<p>Vjenceslav Kade\u010dka, vet.tehni\u010dar<br>Tamara Krka\u010d, vet.tehni\u010dar<\/p>\n\n\n\n<h4 class=\"wp-block-heading\">Ostali djelatnici<\/h4>\n\n\n\n<p>Marina Valent Jambre\u0161i\u0107, agronom<br>Kata Ro\u017eankovi\u0107, agronom<br>Ljubica Tonkovi\u0107, agronomski tehni\u010dar<br>Ivan\u010dica Jambre\u0161i\u0107, agronomski tehni\u010dar<br>Ela Cerjak, ekonomista<br>Tihana Brebri\u0107-Per\u010di\u0107, ekonomista<\/p>\n\n\n\n<p><strong><a href=\"https:\/\/www.facebook.com\/ambulanta.glina\" target=\"_blank\" rel=\"noreferrer noopener nofollow\">Pratite nas na Facebooku !<\/a><\/strong><\/p>\n<\/div>\n<\/div>\n<\/div>\n","protected":false},"excerpt":{"rendered":"<p>VETERINARSKA AMBULANTA GLINA VETERINARSKA LJEKARNA I POLJOPRIVREDNA APOTEKA Veterinarska ambulanta Glina nalazi se&nbsp;u samome centru grada. Dolaskom u na\u0161u ambulantu&nbsp;na [&hellip;]<\/p>\n","protected":false},"author":1,"featured_media":0,"parent":0,"menu_order":0,"comment_status":"closed","ping_status":"closed","template":"","meta":{"site-sidebar-layout":"default","site-content-layout":"","ast-site-content-layout":"default","site-content-style":"default","site-sidebar-style":"default","ast-global-header-display":"","ast-banner-title-visibility":"","ast-main-header-display":"","ast-hfb-above-header-display":"","ast-hfb-below-header-display":"","ast-hfb-mobile-header-display":"","site-post-title":"disabled","ast-breadcrumbs-content":"","ast-featured-img":"","footer-sml-layout":"","ast-disable-related-posts":"","theme-transparent-header-meta":"","adv-header-id-meta":"","stick-header-meta":"","header-above-stick-meta":"","header-main-stick-meta":"","header-below-stick-meta":"","astra-migrate-meta-layouts":"default","ast-page-background-enabled":"default","ast-page-background-meta":{"desktop":{"background-color":"var(--ast-global-color-4)","background-image":"","background-repeat":"repeat","background-position":"center center","background-size":"auto","background-attachment":"scroll","background-type":"","background-media":"","overlay-type":"","overlay-color":"","overlay-opacity":"","overlay-gradient":""},"tablet":{"background-color":"","background-image":"","background-repeat":"repeat","background-position":"center center","background-size":"auto","background-attachment":"scroll","background-type":"","background-media":"","overlay-type":"","overlay-color":"","overlay-opacity":"","overlay-gradient":""},"mobile":{"background-color":"","background-image":"","background-repeat":"repeat","background-position":"center center","background-size":"auto","background-attachment":"scroll","background-type":"","background-media":"","overlay-type":"","overlay-color":"","overlay-opacity":"","overlay-gradient":""}},"ast-content-background-meta":{"desktop":{"background-color":"var(--ast-global-color-5)","background-image":"","background-repeat":"repeat","background-position":"center center","background-size":"auto","background-attachment":"scroll","background-type":"","background-media":"","overlay-type":"","overlay-color":"","overlay-opacity":"","overlay-gradient":""},"tablet":{"background-color":"var(--ast-global-color-5)","background-image":"","background-repeat":"repeat","background-position":"center center","background-size":"auto","background-attachment":"scroll","background-type":"","background-media":"","overlay-type":"","overlay-color":"","overlay-opacity":"","overlay-gradient":""},"mobile":{"background-color":"var(--ast-global-color-5)","background-image":"","background-repeat":"repeat","background-position":"center center","background-size":"auto","background-attachment":"scroll","background-type":"","background-media":"","overlay-type":"","overlay-color":"","overlay-opacity":"","overlay-gradient":""}},"ngg_post_thumbnail":0,"footnotes":""},"class_list":["post-190","page","type-page","status-publish","hentry"],"_links":{"self":[{"href":"https:\/\/vet-amb-glina.hr\/index.php\/wp-json\/wp\/v2\/pages\/190","targetHints":{"allow":["GET"]}}],"collection":[{"href":"https:\/\/vet-amb-glina.hr\/index.php\/wp-json\/wp\/v2\/pages"}],"about":[{"href":"https:\/\/vet-amb-glina.hr\/index.php\/wp-json\/wp\/v2\/types\/page"}],"author":[{"embeddable":true,"href":"https:\/\/vet-amb-glina.hr\/index.php\/wp-json\/wp\/v2\/users\/1"}],"replies":[{"embeddable":true,"href":"https:\/\/vet-amb-glina.hr\/index.php\/wp-json\/wp\/v2\/comments?post=190"}],"version-history":[{"count":153,"href":"https:\/\/vet-amb-glina.hr\/index.php\/wp-json\/wp\/v2\/pages\/190\/revisions"}],"predecessor-version":[{"id":549,"href":"https:\/\/vet-amb-glina.hr\/index.php\/wp-json\/wp\/v2\/pages\/190\/revisions\/549"}],"wp:attachment":[{"href":"https:\/\/vet-amb-glina.hr\/index.php\/wp-json\/wp\/v2\/media?parent=190"}],"curies":[{"name":"wp","href":"https:\/\/api.w.org\/{rel}","templated":true}]}}